{"id":2220,"date":"2026-01-28T11:36:00","date_gmt":"2026-01-28T11:36:00","guid":{"rendered":"https:\/\/aspacehu.es\/?page_id=2220"},"modified":"2026-01-28T11:52:22","modified_gmt":"2026-01-28T11:52:22","slug":"politicas-de-uso-de-cookies-2","status":"publish","type":"page","link":"https:\/\/aspacehu.es\/index.php\/politicas-de-uso-de-cookies-2\/","title":{"rendered":"Politicas de uso de cookies"},"content":{"rendered":"\t\t<div data-elementor-type=\"wp-page\" data-elementor-id=\"2220\" class=\"elementor elementor-2220\">\n\t\t\t\t<div class=\"elementor-element elementor-element-138ba28 e-flex e-con-boxed e-con e-parent\" data-id=\"138ba28\" data-element_type=\"container\" data-settings=\"{&quot;background_background&quot;:&quot;classic&quot;}\">\n\t\t\t\t\t<div class=\"e-con-inner\">\n\t\t<div class=\"elementor-element elementor-element-44f0f99 e-con-full e-flex e-con e-child\" data-id=\"44f0f99\" data-element_type=\"container\">\n\t\t\t\t<div class=\"elementor-element elementor-element-3e7952b elementor-widget elementor-widget-heading\" data-id=\"3e7952b\" data-element_type=\"widget\" data-widget_type=\"heading.default\">\n\t\t\t\t\t<h2 class=\"elementor-heading-title elementor-size-default\">Pol\u00edticas de Uso de Cookies\n<\/h2>\t\t\t\t<\/div>\n\t\t\t\t<\/div>\n\t\t\t\t\t<\/div>\n\t\t\t\t<\/div>\n\t\t<div class=\"elementor-element elementor-element-b9cab19 e-flex e-con-boxed e-con e-parent\" data-id=\"b9cab19\" data-element_type=\"container\">\n\t\t\t\t\t<div class=\"e-con-inner\">\n\t\t\t\t<div class=\"elementor-element elementor-element-6f01d7d elementor-widget__width-initial elementor-widget elementor-widget-text-editor\" data-id=\"6f01d7d\" data-element_type=\"widget\" data-widget_type=\"text-editor.default\">\n\t\t\t\t\t\t\t\t\t<p>En cumplimiento con lo dispuesto en el art\u00edculo 22.2 de la Ley 34\/2002, de 11 de julio, de Servicios de la<br \/>Sociedad de la Informaci\u00f3n y de Comercio Electr\u00f3nico, el Titular te informa que este sitio web utiliza cookies,<br \/>as\u00ed como sobre su pol\u00edtica de recogida y el tratamiento que hace de las mismas.<\/p><h2>\u00bfQu\u00e9 son las cookies?<\/h2><p>Una cookie es un fichero que se descarga en tu ordenador al entrar a determinadas p\u00e1ginas web. Las cookies<br \/>permiten a una p\u00e1gina web, entre otras cosas, almacenar y recuperar informaci\u00f3n sobre tus h\u00e1bitos de navegaci\u00f3n<br \/>y \u2014dependiendo de la informaci\u00f3n que contengan y de la forma en que utilices tu equipo\u2014 pueden utilizarse para<br \/>identificarte.<\/p><h2>Tipos de cookies utilizadas<\/h2><p>El sitio web <strong>ASPACEHU (Asociaci\u00f3n de Paral\u00edticos Cerebrales de Huelva)<\/strong> utiliza los siguientes<br \/>tipos de cookies:<\/p><h3>Cookies de an\u00e1lisis<\/h3><p>Son aquellas que, bien tratadas por el sitio web o por terceros, permiten cuantificar el n\u00famero de usuarios y as\u00ed<br \/>realizar la medici\u00f3n y an\u00e1lisis estad\u00edstico de la utilizaci\u00f3n que hacen los usuarios del sitio web. Para ello se<br \/>analiza la navegaci\u00f3n que realizas en este sitio web con el fin de mejorarlo.<\/p><h3>Cookies t\u00e9cnicas<\/h3><p>Son aquellas tratadas por el sitio web que permiten a los usuarios navegar a trav\u00e9s del sitio y a utilizar sus<br \/>diferentes funciones. Algunas cookies son esenciales para el funcionamiento del sitio web, por ejemplo, el sistema<br \/>de comentarios o el buscador.<\/p><h3>Cookies de personalizaci\u00f3n<\/h3><p>Son aquellas que permiten a los usuarios acceder al Servicio con algunas caracter\u00edsticas de car\u00e1cter general<br \/>predefinidas en funci\u00f3n de una serie de criterios establecidos por el usuario como, por ejemplo, el idioma o el<br \/>tipo de navegador a trav\u00e9s del cual se conecta a este sitio web.<\/p><h2>Desactivar las cookies<\/h2><p>Puedes aceptar, bloquear o eliminar las cookies instaladas en tu equipo mediante la configuraci\u00f3n de las opciones<br \/>del navegador.<\/p><p>En los siguientes enlaces encontrar\u00e1s instrucciones para habilitar o deshabilitar las cookies en los navegadores<br \/>m\u00e1s comunes:<\/p><p>Firefox:<a href=\"http:\/\/support.mozilla.org\/es\/kb\/habilitar-y-deshabilitar-cookies-que-los-sitios-we\" target=\"_blank\" rel=\"noopener noreferrer\"><br \/>http:\/\/support.mozilla.org\/es\/kb\/habilitar-y-deshabilitar-cookies-que-los-sitios-we<br \/><\/a><\/p><p>Safari:<a href=\"http:\/\/support.apple.com\/kb\/HT1677?viewlocale=es_ES\" target=\"_blank\" rel=\"noopener noreferrer\"><br \/>http:\/\/support.apple.com\/kb\/HT1677?viewlocale=es_ES<br \/><\/a><\/p><p>Google Chrome:<a href=\"https:\/\/support.google.com\/chrome\/answer\/95647?hl=es\" target=\"_blank\" rel=\"noopener noreferrer\"><br \/>https:\/\/support.google.com\/chrome\/answer\/95647?hl=es<br \/><\/a><\/p><h2>Cookies de terceros<\/h2><p>El sitio web puede utilizar servicios de terceros (por ejemplo, herramientas de medici\u00f3n\/anal\u00edtica) que pueden<br \/>instalar cookies para obtener estad\u00edsticas de uso y mejorar la experiencia de navegaci\u00f3n.<\/p><h2>Advertencia sobre eliminar cookies<\/h2><p>Puedes eliminar y bloquear las cookies de este sitio web, pero parte del sitio no funcionar\u00e1 correctamente o su<br \/>calidad puede verse afectada.<\/p><h2>Contacto<\/h2><p>En caso de que tengas cualquier duda acerca de esta Pol\u00edtica de Cookies o quieras realizar cualquier comentario<br \/>sobre este sitio web, puedes enviar un mensaje de correo electr\u00f3nico a:<br \/><a href=\"mailto:administracion@aspacehu.org\">administracion@aspacehu.org<\/a>.<\/p>\t\t\t\t\t\t\t\t<\/div>\n\t\t\t\t\t<\/div>\n\t\t\t\t<\/div>\n\t\t\t\t<\/div>\n\t\t","protected":false},"excerpt":{"rendered":"<p>Pol\u00edticas de Uso de Cookies En cumplimiento con lo dispuesto en el art\u00edculo 22.2 de la Ley 34\/2002, de 11 de julio, de Servicios de laSociedad de la Informaci\u00f3n y de Comercio Electr\u00f3nico, el Titular te informa que este sitio web utiliza cookies,as\u00ed como sobre su pol\u00edtica de recogida y el tratamiento que hace de [&hellip;]<\/p>\n","protected":false},"author":1,"featured_media":0,"parent":0,"menu_order":0,"comment_status":"closed","ping_status":"closed","template":"","meta":{"site-sidebar-layout":"no-sidebar","site-content-layout":"page-builder","ast-site-content-layout":"full-width-container","site-content-style":"default","site-sidebar-style":"default","ast-global-header-display":"","ast-banner-title-visibility":"disabled","ast-main-header-display":"","ast-hfb-above-header-display":"","ast-hfb-below-header-display":"","ast-hfb-mobile-header-display":"","site-post-title":"disabled","ast-breadcrumbs-content":"","ast-featured-img":"disabled","footer-sml-layout":"","ast-disable-related-posts":"","theme-transparent-header-meta":"enabled","adv-header-id-meta":"","stick-header-meta":"","header-above-stick-meta":"","header-main-stick-meta":"","header-below-stick-meta":"","astra-migrate-meta-layouts":"set","ast-page-background-enabled":"default","ast-page-background-meta":{"desktop":{"background-color":"var(--ast-global-color-4)","background-image":"","background-repeat":"repeat","background-position":"center center","background-size":"auto","background-attachment":"scroll","background-type":"","background-media":"","overlay-type":"","overlay-color":"","overlay-opacity":"","overlay-gradient":""},"tablet":{"background-color":"","background-image":"","background-repeat":"repeat","background-position":"center center","background-size":"auto","background-attachment":"scroll","background-type":"","background-media":"","overlay-type":"","overlay-color":"","overlay-opacity":"","overlay-gradient":""},"mobile":{"background-color":"","background-image":"","background-repeat":"repeat","background-position":"center center","background-size":"auto","background-attachment":"scroll","background-type":"","background-media":"","overlay-type":"","overlay-color":"","overlay-opacity":"","overlay-gradient":""}},"ast-content-background-meta":{"desktop":{"background-color":"var(--ast-global-color-5)","background-image":"","background-repeat":"repeat","background-position":"center center","background-size":"auto","background-attachment":"scroll","background-type":"","background-media":"","overlay-type":"","overlay-color":"","overlay-opacity":"","overlay-gradient":""},"tablet":{"background-color":"var(--ast-global-color-5)","background-image":"","background-repeat":"repeat","background-position":"center center","background-size":"auto","background-attachment":"scroll","background-type":"","background-media":"","overlay-type":"","overlay-color":"","overlay-opacity":"","overlay-gradient":""},"mobile":{"background-color":"var(--ast-global-color-5)","background-image":"","background-repeat":"repeat","background-position":"center center","background-size":"auto","background-attachment":"scroll","background-type":"","background-media":"","overlay-type":"","overlay-color":"","overlay-opacity":"","overlay-gradient":""}},"footnotes":""},"class_list":["post-2220","page","type-page","status-publish","hentry"],"yoast_head":"<!-- This site is optimized with the Yoast SEO plugin v27.0 - https:\/\/yoast.com\/product\/yoast-seo-wordpress\/ -->\n<title>Politicas de uso de cookies - Aspacehu<\/title>\n<meta name=\"robots\" content=\"index, follow, max-snippet:-1, max-image-preview:large, max-video-preview:-1\" \/>\n<link rel=\"canonical\" href=\"https:\/\/aspacehu.es\/index.php\/politicas-de-uso-de-cookies-2\/\" \/>\n<meta property=\"og:locale\" content=\"es_ES\" \/>\n<meta property=\"og:type\" content=\"article\" \/>\n<meta property=\"og:title\" content=\"Politicas de uso de cookies - Aspacehu\" \/>\n<meta property=\"og:description\" content=\"Pol\u00edticas de Uso de Cookies En cumplimiento con lo dispuesto en el art\u00edculo 22.2 de la Ley 34\/2002, de 11 de julio, de Servicios de laSociedad de la Informaci\u00f3n y de Comercio Electr\u00f3nico, el Titular te informa que este sitio web utiliza cookies,as\u00ed como sobre su pol\u00edtica de recogida y el tratamiento que hace de [&hellip;]\" \/>\n<meta property=\"og:url\" content=\"https:\/\/aspacehu.es\/index.php\/politicas-de-uso-de-cookies-2\/\" \/>\n<meta property=\"og:site_name\" content=\"Aspacehu\" \/>\n<meta property=\"article:modified_time\" content=\"2026-01-28T11:52:22+00:00\" \/>\n<meta name=\"twitter:card\" content=\"summary_large_image\" \/>\n<meta name=\"twitter:label1\" content=\"Tiempo de lectura\" \/>\n\t<meta name=\"twitter:data1\" content=\"5 minutos\" \/>\n<script type=\"application\/ld+json\" class=\"yoast-schema-graph\">{\"@context\":\"https:\/\/schema.org\",\"@graph\":[{\"@type\":\"WebPage\",\"@id\":\"https:\/\/aspacehu.es\/index.php\/politicas-de-uso-de-cookies-2\/\",\"url\":\"https:\/\/aspacehu.es\/index.php\/politicas-de-uso-de-cookies-2\/\",\"name\":\"Politicas de uso de cookies - Aspacehu\",\"isPartOf\":{\"@id\":\"https:\/\/aspacehu.es\/#website\"},\"datePublished\":\"2026-01-28T11:36:00+00:00\",\"dateModified\":\"2026-01-28T11:52:22+00:00\",\"breadcrumb\":{\"@id\":\"https:\/\/aspacehu.es\/index.php\/politicas-de-uso-de-cookies-2\/#breadcrumb\"},\"inLanguage\":\"es\",\"potentialAction\":[{\"@type\":\"ReadAction\",\"target\":[\"https:\/\/aspacehu.es\/index.php\/politicas-de-uso-de-cookies-2\/\"]}]},{\"@type\":\"BreadcrumbList\",\"@id\":\"https:\/\/aspacehu.es\/index.php\/politicas-de-uso-de-cookies-2\/#breadcrumb\",\"itemListElement\":[{\"@type\":\"ListItem\",\"position\":1,\"name\":\"Portada\",\"item\":\"https:\/\/aspacehu.es\/\"},{\"@type\":\"ListItem\",\"position\":2,\"name\":\"Politicas de uso de cookies\"}]},{\"@type\":\"WebSite\",\"@id\":\"https:\/\/aspacehu.es\/#website\",\"url\":\"https:\/\/aspacehu.es\/\",\"name\":\"Aspacehu\",\"description\":\"\",\"publisher\":{\"@id\":\"https:\/\/aspacehu.es\/#organization\"},\"potentialAction\":[{\"@type\":\"SearchAction\",\"target\":{\"@type\":\"EntryPoint\",\"urlTemplate\":\"https:\/\/aspacehu.es\/?s={search_term_string}\"},\"query-input\":{\"@type\":\"PropertyValueSpecification\",\"valueRequired\":true,\"valueName\":\"search_term_string\"}}],\"inLanguage\":\"es\"},{\"@type\":\"Organization\",\"@id\":\"https:\/\/aspacehu.es\/#organization\",\"name\":\"Aspacehu\",\"url\":\"https:\/\/aspacehu.es\/\",\"logo\":{\"@type\":\"ImageObject\",\"inLanguage\":\"es\",\"@id\":\"https:\/\/aspacehu.es\/#\/schema\/logo\/image\/\",\"url\":\"https:\/\/aspacehu.es\/wp-content\/uploads\/2026\/01\/cropped-cropped-cropped-aspacehu-logo-scaled-1.png\",\"contentUrl\":\"https:\/\/aspacehu.es\/wp-content\/uploads\/2026\/01\/cropped-cropped-cropped-aspacehu-logo-scaled-1.png\",\"width\":1744,\"height\":393,\"caption\":\"Aspacehu\"},\"image\":{\"@id\":\"https:\/\/aspacehu.es\/#\/schema\/logo\/image\/\"}}]}<\/script>\n<!-- \/ Yoast SEO plugin. -->","yoast_head_json":{"title":"Politicas de uso de cookies - Aspacehu","robots":{"index":"index","follow":"follow","max-snippet":"max-snippet:-1","max-image-preview":"max-image-preview:large","max-video-preview":"max-video-preview:-1"},"canonical":"https:\/\/aspacehu.es\/index.php\/politicas-de-uso-de-cookies-2\/","og_locale":"es_ES","og_type":"article","og_title":"Politicas de uso de cookies - Aspacehu","og_description":"Pol\u00edticas de Uso de Cookies En cumplimiento con lo dispuesto en el art\u00edculo 22.2 de la Ley 34\/2002, de 11 de julio, de Servicios de laSociedad de la Informaci\u00f3n y de Comercio Electr\u00f3nico, el Titular te informa que este sitio web utiliza cookies,as\u00ed como sobre su pol\u00edtica de recogida y el tratamiento que hace de [&hellip;]","og_url":"https:\/\/aspacehu.es\/index.php\/politicas-de-uso-de-cookies-2\/","og_site_name":"Aspacehu","article_modified_time":"2026-01-28T11:52:22+00:00","twitter_card":"summary_large_image","twitter_misc":{"Tiempo de lectura":"5 minutos"},"schema":{"@context":"https:\/\/schema.org","@graph":[{"@type":"WebPage","@id":"https:\/\/aspacehu.es\/index.php\/politicas-de-uso-de-cookies-2\/","url":"https:\/\/aspacehu.es\/index.php\/politicas-de-uso-de-cookies-2\/","name":"Politicas de uso de cookies - Aspacehu","isPartOf":{"@id":"https:\/\/aspacehu.es\/#website"},"datePublished":"2026-01-28T11:36:00+00:00","dateModified":"2026-01-28T11:52:22+00:00","breadcrumb":{"@id":"https:\/\/aspacehu.es\/index.php\/politicas-de-uso-de-cookies-2\/#breadcrumb"},"inLanguage":"es","potentialAction":[{"@type":"ReadAction","target":["https:\/\/aspacehu.es\/index.php\/politicas-de-uso-de-cookies-2\/"]}]},{"@type":"BreadcrumbList","@id":"https:\/\/aspacehu.es\/index.php\/politicas-de-uso-de-cookies-2\/#breadcrumb","itemListElement":[{"@type":"ListItem","position":1,"name":"Portada","item":"https:\/\/aspacehu.es\/"},{"@type":"ListItem","position":2,"name":"Politicas de uso de cookies"}]},{"@type":"WebSite","@id":"https:\/\/aspacehu.es\/#website","url":"https:\/\/aspacehu.es\/","name":"Aspacehu","description":"","publisher":{"@id":"https:\/\/aspacehu.es\/#organization"},"potentialAction":[{"@type":"SearchAction","target":{"@type":"EntryPoint","urlTemplate":"https:\/\/aspacehu.es\/?s={search_term_string}"},"query-input":{"@type":"PropertyValueSpecification","valueRequired":true,"valueName":"search_term_string"}}],"inLanguage":"es"},{"@type":"Organization","@id":"https:\/\/aspacehu.es\/#organization","name":"Aspacehu","url":"https:\/\/aspacehu.es\/","logo":{"@type":"ImageObject","inLanguage":"es","@id":"https:\/\/aspacehu.es\/#\/schema\/logo\/image\/","url":"https:\/\/aspacehu.es\/wp-content\/uploads\/2026\/01\/cropped-cropped-cropped-aspacehu-logo-scaled-1.png","contentUrl":"https:\/\/aspacehu.es\/wp-content\/uploads\/2026\/01\/cropped-cropped-cropped-aspacehu-logo-scaled-1.png","width":1744,"height":393,"caption":"Aspacehu"},"image":{"@id":"https:\/\/aspacehu.es\/#\/schema\/logo\/image\/"}}]}},"_links":{"self":[{"href":"https:\/\/aspacehu.es\/index.php\/wp-json\/wp\/v2\/pages\/2220","targetHints":{"allow":["GET"]}}],"collection":[{"href":"https:\/\/aspacehu.es\/index.php\/wp-json\/wp\/v2\/pages"}],"about":[{"href":"https:\/\/aspacehu.es\/index.php\/wp-json\/wp\/v2\/types\/page"}],"author":[{"embeddable":true,"href":"https:\/\/aspacehu.es\/index.php\/wp-json\/wp\/v2\/users\/1"}],"replies":[{"embeddable":true,"href":"https:\/\/aspacehu.es\/index.php\/wp-json\/wp\/v2\/comments?post=2220"}],"version-history":[{"count":19,"href":"https:\/\/aspacehu.es\/index.php\/wp-json\/wp\/v2\/pages\/2220\/revisions"}],"predecessor-version":[{"id":2245,"href":"https:\/\/aspacehu.es\/index.php\/wp-json\/wp\/v2\/pages\/2220\/revisions\/2245"}],"wp:attachment":[{"href":"https:\/\/aspacehu.es\/index.php\/wp-json\/wp\/v2\/media?parent=2220"}],"curies":[{"name":"wp","href":"https:\/\/api.w.org\/{rel}","templated":true}]}}